{"id":5434,"date":"2025-10-27T08:22:55","date_gmt":"2025-10-27T08:22:55","guid":{"rendered":"https:\/\/3eme-ere.fr\/?page_id=5434"},"modified":"2025-10-27T10:39:30","modified_gmt":"2025-10-27T10:39:30","slug":"mentions-legales","status":"publish","type":"page","link":"https:\/\/3eme-ere.fr\/index.php\/mentions-legales\/","title":{"rendered":"Mentions l\u00e9gales"},"content":{"rendered":"<div  class=\"tatsu-Hk-ZCN2h0xg tatsu-section  tatsu-bg-overlay   tatsu-clearfix\" data-title=\"\"  data-headerscheme=\"background--dark\"><div class='tatsu-section-pad clearfix' data-padding='{\"d\":\"156px 0px 5px 0px\"}' data-padding-top='156px'><div class=\"tatsu-row-wrap  tatsu-wrap tatsu-row-one-col tatsu-row-has-one-cols tatsu-medium-gutter tatsu-reg-cols  tatsu-clearfix tatsu-r1lbCVhnCle\" ><div  class=\"tatsu-row \" ><div  class=\"tatsu-column  tatsu-bg-overlay tatsu-one-col tatsu-column-image-none tatsu-column-effect-none  tatsu-B1-0E33Ree\"  data-parallax-speed=\"0\" style=\"\"><div class=\"tatsu-column-inner \" ><div class=\"tatsu-column-pad-wrap\"><div class=\"tatsu-column-pad\" ><div  class=\"tatsu-module tatsu-inline-text clearfix tatsu-BkIAEn3Axe   \" ><style>.tatsu-BkIAEn3Axe .tatsu-inline-text-inner{width: 100%;text-align: left;}@media only screen and (max-width: 767px) {.tatsu-BkIAEn3Axe .tatsu-inline-text-inner{width: 100%;}}<\/style><div class=\"tatsu-inline-text-inner tatsu-align-center\">\n<h1>Mentions l\u00e9gales<\/h1>\n<\/div><\/div><\/div><\/div><div class = \"tatsu-column-bg-image-wrap\"><div class = \"tatsu-column-bg-image tatsu-bg-lazyload\" data-src = \"\"><\/div><\/div><div class=\"tatsu-overlay tatsu-column-overlay tatsu-animate-none\" ><\/div><\/div><style>.tatsu-row > .tatsu-B1-0E33Ree.tatsu-column{width: 100%;}.tatsu-B1-0E33Ree.tatsu-column > .tatsu-column-inner > .tatsu-column-overlay{mix-blend-mode: normal;}.tatsu-B1-0E33Ree > .tatsu-column-inner > .tatsu-top-divider{z-index: 9999;}.tatsu-B1-0E33Ree > .tatsu-column-inner > .tatsu-bottom-divider{z-index: 9999;}.tatsu-B1-0E33Ree > .tatsu-column-inner > .tatsu-left-divider{z-index: 9999;}.tatsu-B1-0E33Ree > .tatsu-column-inner > .tatsu-right-divider{z-index: 9999;}@media only screen and (max-width:1377px) {.tatsu-row > .tatsu-B1-0E33Ree.tatsu-column{width: 100%;}}@media only screen and (min-width:768px) and (max-width: 1024px) {.tatsu-row > .tatsu-B1-0E33Ree.tatsu-column{width: 100%;}}@media only screen and (max-width: 767px) {.tatsu-row > .tatsu-B1-0E33Ree.tatsu-column{width: 100%;}}<\/style><\/div><\/div><\/div><\/div><div class=\"tatsu-section-background-wrap\"><div class = \"tatsu-section-background tatsu-bg-lazyload\" data-src = \"\"><\/div><\/div><div class=\"tatsu-overlay tatsu-section-overlay\"><\/div><style>.tatsu-Hk-ZCN2h0xg .tatsu-section-pad{padding: 156px 0px 5px 0px;}.tatsu-Hk-ZCN2h0xg .tatsu-section-offset-wrap{transform: translateY(-0px);}.tatsu-Hk-ZCN2h0xg > .tatsu-bottom-divider{z-index: 9999;}.tatsu-Hk-ZCN2h0xg > .tatsu-top-divider{z-index: 9999;}.tatsu-Hk-ZCN2h0xg .tatsu-section-overlay{mix-blend-mode: normal;}<\/style><\/div><div  class=\"tatsu-BJ-2vfhnAgx tatsu-section  tatsu-bg-overlay   tatsu-clearfix\" data-title=\"\"  data-headerscheme=\"background--dark\"><div class='tatsu-section-pad clearfix' data-padding='{\"d\":\"62px 0px 90px 0px\"}' data-padding-top='62px'><div class=\"tatsu-row-wrap  tatsu-wrap tatsu-row-one-col tatsu-row-has-one-cols tatsu-medium-gutter tatsu-reg-cols  tatsu-clearfix tatsu-rJg2PGnhAxe\" ><div  class=\"tatsu-row \" ><div  class=\"tatsu-column  tatsu-bg-overlay tatsu-one-col tatsu-column-image-none tatsu-column-effect-none  tatsu-HJhvM2n0gx\"  data-parallax-speed=\"0\" style=\"\"><div class=\"tatsu-column-inner \" ><div class=\"tatsu-column-pad-wrap\"><div class=\"tatsu-column-pad\" ><div  class=\"tatsu-module tatsu-text-block-wrap tatsu-HyHhzh3Rge  \"><div class=\"tatsu-text-inner tatsu-align-center  clearfix\" ><style>.tatsu-HyHhzh3Rge.tatsu-text-block-wrap .tatsu-text-inner{width: 100%;text-align: left;}<\/style>\n<p><span style=\"color: #000000;\"><b>PR\u00c9SENTATION DU SITE<\/b><\/span><\/p>\n<p><span style=\"color: #000000;\"><b>Raison Sociale\u00a0:<\/b><span style=\"font-weight: 400;\"> SARL LE POINT FR<br \/><\/span><b>Capital social :<\/b><span style=\"font-weight: 400;\"> 4\u00a0000 \u20ac<br \/><\/span><b>Si\u00e8ge Social\u00a0:<\/b><span style=\"font-weight: 400;\"> 3 rue Guillaume Tell &#8211; 68100 Mulhouse<\/span><span style=\"font-weight: 400;\"><br \/><\/span><b>Tel\u00a0:<\/b><span style=\"font-weight: 400;\"> 03 89 46 44 16<\/span><span style=\"font-weight: 400;\"><br \/><\/span><b>E-mail\u00a0:<\/b><span style=\"font-weight: 400;\">\u00a03eme.ere@gmail.com<\/span><span style=\"font-weight: 400;\"><br \/><\/span><b>Siret\u00a0:<\/b><span style=\"font-weight: 400;\"> 499\u00a0633\u00a0428 00010<\/span><\/span><\/p>\n<p><span style=\"color: #000000;\"><b>Propri\u00e9taire du contenu de site internet\u00a0:<\/b><span style=\"font-weight: 400;\"> Monsieur FREY Camille<br \/><\/span><b>Responsable de la publication et r\u00e9daction\u00a0:<\/b><span style=\"font-weight: 400;\"> Monsieur FREY Camille<br \/><\/span><b>G\u00e9rant\u00a0:<\/b><span style=\"font-weight: 400;\"> Monsieur FREY Camille<\/span><\/span><\/p>\n<p><span style=\"color: #000000;\"><b>Propuls\u00e9 par\u00a0:<\/b><span style=\"font-weight: 400;\"> KAREDESS<\/span><span style=\"font-weight: 400;\"><br \/><\/span><span style=\"font-weight: 400;\">Si\u00e8ge Social\u00a0: Sarl S3BO5, 43 rue Jean Mieg &#8211; 68100 Mulhouse<\/span><span style=\"font-weight: 400;\"><br \/><\/span><span style=\"font-weight: 400;\">Siret\u00a0: 489\u00a0431\u00a0023 00022<\/span><\/span><\/p>\n<p><span style=\"color: #000000;\"><b>CONDITIONS GENERALES D\u2019UTILISATION DU SITE ET DES SERVICES PROPOSES<\/b><\/span><\/p>\n<p><span style=\"font-weight: 400; color: #000000;\">3\u00c8ME \u00c8RE ci-dessus d\u00e9nomm\u00e9e fournit ses services sous r\u00e9serve que vous vous engagiez \u00e0 respecter les pr\u00e9sentes conditions d\u2019utilisation que 3\u00c8ME \u00c8RE sera libre de modifier \u00e0 tout moment.<\/span><\/p>\n<p><span style=\"color: #000000;\"><b>PROPRIETE INTELLECTUELLE<\/b><\/span><\/p>\n<p><span style=\"font-weight: 400; color: #000000;\">En accord avec les lois r\u00e9gissant la propri\u00e9t\u00e9 intellectuelle, la reproduction ou l\u2019utilisation des \u00e9l\u00e9ments se trouvant dans ce site Internet, en totalit\u00e9 ou en partie est strictement interdite.\u00a0<\/span><\/p>\n<p><span style=\"font-weight: 400; color: #000000;\">Seules sont maintenues les exceptions l\u00e9gales dont notamment la repr\u00e9sentation dans le cadre du cercle de famille, la copie priv\u00e9e ou le droit de courte citation.<\/span><\/p>\n<p><span style=\"font-weight: 400; color: #000000;\">Ainsi, tous les textes, photos, logos, marques et autres \u00e9l\u00e9ments reproduits sur ce site sont r\u00e9serv\u00e9s et prot\u00e9g\u00e9s par le droit de la propri\u00e9t\u00e9 intellectuelle (Droit auteur, droit voisin, droit des marques\u2026).<\/span><\/p>\n<p><span style=\"font-weight: 400; color: #000000;\">Toute repr\u00e9sentation totale ou partielle de ce site par quelque proc\u00e9d\u00e9 que ce soit, sans l\u2019autorisation expresse de l\u2019exploitant du site Internet est interdite et constituerait une contrefa\u00e7on sanctionn\u00e9e par les articles L 335-2 et suivants du Code de la propri\u00e9t\u00e9 intellectuelle.<\/span><\/p>\n<p><span style=\"font-weight: 400; color: #000000;\">Il en est de m\u00eame des \u00e9ventuelles bases de donn\u00e9es figurant sur le site Internet qui sont prot\u00e9g\u00e9es par les dispositions de la loi du 11 juillet 1998 portant transposition dans le Code de la propri\u00e9t\u00e9 intellectuelle (CPI) de la directive europ\u00e9enne du 11 mars 1996 relative \u00e0 la protection juridique des bases de donn\u00e9es.<\/span><\/p>\n<p><span style=\"color: #000000;\"><b>GESTION DES DONNEES PERSONNELLES<\/b><\/span><\/p>\n<p><span style=\"font-weight: 400; color: #000000;\">3\u00c8ME \u00c8RE s\u2019engage \u00e0 maintenir confidentielles les donn\u00e9es personnelles fournies par l\u2019utilisateur du site et \u00e0 ne pas les transf\u00e9rer \u00e0 d\u2019autres soci\u00e9t\u00e9s ou organismes.<\/span><\/p>\n<p><span style=\"font-weight: 400; color: #000000;\">3\u00c8ME \u00c8RE s\u2019engage \u00e0 assurer \u00e0 toute personne qui en fera la demande un droit d\u2019acc\u00e8s, de rectification et de suppression des donn\u00e9es la concernant.<\/span><\/p>\n<p><span style=\"color: #000000;\"><b>GESTION DE LA RESPONSABILITE<\/b><\/span><\/p>\n<p><span style=\"font-weight: 400; color: #000000;\">3\u00c8ME \u00c8RE d\u00e9cline toute responsabilit\u00e9 pour les difficult\u00e9s rencontr\u00e9es lors de l\u2019acc\u00e8s \u00e0 son site ou pour toute d\u00e9faillance de communication.<\/span><\/p>\n<p><span style=\"font-weight: 400; color: #000000;\">3\u00c8ME \u00c8RE se r\u00e9serve la possibilit\u00e9 de modifier, d\u2019interrompre temporairement ou de fa\u00e7on permanente, tout ou partie du site, sans pr\u00e9avis.\u00a0<\/span><\/p>\n<p><span style=\"font-weight: 400; color: #000000;\">3\u00c8ME \u00c8RE ne pourra en aucun cas \u00eatre tenue pour responsable \u00e0 votre encontre ou \u00e0 l\u2019encontre d\u2019un tiers de toute modification, interruption ou suspension du site.<\/span><\/p>\n<p><span style=\"color: #000000;\"><b>LIENS HYPERTEXTES<\/b><\/span><\/p>\n<p><span style=\"font-weight: 400; color: #000000;\">Vous \u00eates libres d\u2019\u00e9tablir des liens vers ce site dans la mesure o\u00f9 ils ne portent pas atteinte \u00e0 l\u2019image de son \u00e9diteur.\u00a0<\/span><\/p>\n<p><span style=\"font-weight: 400; color: #000000;\">Vous \u00eates autoris\u00e9s \u00e0 \u00e9tablir des liens vers les pages du site au format : html, php, xml.<\/span><\/p>\n<p><span style=\"font-weight: 400; color: #000000;\">La pratique du framing est interdite de m\u00eame que toute autre pratique ou technique susceptible d\u2019engendrer une confusion dans l\u2019esprit du public.<\/span><\/p>\n<p><span style=\"font-weight: 400; color: #000000;\">Sont prohib\u00e9s les liens profonds vers les documents aux formats pdf, Doc, ou rtf.\u00a0<\/span><\/p>\n<p><span style=\"font-weight: 400; color: #000000;\">En effet, ce type de document ne permet pas de prendre connaissance des pr\u00e9sentes conditions d\u2019utilisation.<\/span><\/p>\n<p><span style=\"font-weight: 400; color: #000000;\">3\u00c8ME \u00c8RE n\u2019est en aucun cas responsable du contenu des sites Internet accessibles \u00e0 travers son site web.<\/span><\/p>\n<\/div><\/div><\/div><\/div><div class = \"tatsu-column-bg-image-wrap\"><div class = \"tatsu-column-bg-image tatsu-bg-lazyload\" data-src = \"\"><\/div><\/div><div class=\"tatsu-overlay tatsu-column-overlay tatsu-animate-none\" ><\/div><\/div><style>.tatsu-row > .tatsu-HJhvM2n0gx.tatsu-column{width: 100%;}.tatsu-HJhvM2n0gx.tatsu-column > .tatsu-column-inner > .tatsu-column-overlay{mix-blend-mode: normal;}.tatsu-HJhvM2n0gx > .tatsu-column-inner > .tatsu-top-divider{z-index: 9999;}.tatsu-HJhvM2n0gx > .tatsu-column-inner > .tatsu-bottom-divider{z-index: 9999;}.tatsu-HJhvM2n0gx > .tatsu-column-inner > .tatsu-left-divider{z-index: 9999;}.tatsu-HJhvM2n0gx > .tatsu-column-inner > .tatsu-right-divider{z-index: 9999;}@media only screen and (max-width:1377px) {.tatsu-row > .tatsu-HJhvM2n0gx.tatsu-column{width: 100%;}}@media only screen and (min-width:768px) and (max-width: 1024px) {.tatsu-row > .tatsu-HJhvM2n0gx.tatsu-column{width: 100%;}}@media only screen and (max-width: 767px) {.tatsu-row > .tatsu-HJhvM2n0gx.tatsu-column{width: 100%;}}<\/style><\/div><\/div><\/div><\/div><div class=\"tatsu-section-background-wrap\"><div class = \"tatsu-section-background tatsu-bg-lazyload\" data-src = \"\"><\/div><\/div><div class=\"tatsu-overlay tatsu-section-overlay\"><\/div><style>.tatsu-BJ-2vfhnAgx .tatsu-section-pad{padding: 62px 0px 90px 0px;}.tatsu-BJ-2vfhnAgx .tatsu-section-offset-wrap{transform: translateY(-0px);}.tatsu-BJ-2vfhnAgx > .tatsu-bottom-divider{z-index: 9999;}.tatsu-BJ-2vfhnAgx > .tatsu-top-divider{z-index: 9999;}.tatsu-BJ-2vfhnAgx .tatsu-section-overlay{mix-blend-mode: normal;}<\/style><\/div>\n","protected":false},"excerpt":{"rendered":"<p><a href=\"https:\/\/3eme-ere.fr\/index.php\/mentions-legales\/\" class=\"exp-read-more exp-read-more-dots\">&#8230;<\/a><\/p>\n","protected":false},"author":1,"featured_media":0,"parent":0,"menu_order":0,"comment_status":"closed","ping_status":"closed","template":"","meta":{"footnotes":""},"class_list":["post-5434","page","type-page","status-publish","hentry"],"yoast_head":"<!-- This site is optimized with the Yoast SEO plugin v27.1.1 - https:\/\/yoast.com\/product\/yoast-seo-wordpress\/ -->\n<title>Mentions l\u00e9gales - Troisi\u00e8me \u00c8re<\/title>\n<meta name=\"robots\" content=\"index, follow, max-snippet:-1, max-image-preview:large, max-video-preview:-1\" \/>\n<link rel=\"canonical\" href=\"https:\/\/3eme-ere.fr\/index.php\/mentions-legales\/\" \/>\n<meta property=\"og:locale\" content=\"fr_FR\" \/>\n<meta property=\"og:type\" content=\"article\" \/>\n<meta property=\"og:title\" content=\"Mentions l\u00e9gales - Troisi\u00e8me \u00c8re\" \/>\n<meta property=\"og:description\" content=\"...\" \/>\n<meta property=\"og:url\" content=\"https:\/\/3eme-ere.fr\/index.php\/mentions-legales\/\" \/>\n<meta property=\"og:site_name\" content=\"Troisi\u00e8me \u00c8re\" \/>\n<meta property=\"article:publisher\" content=\"https:\/\/www.facebook.com\/camille.frey.963\" \/>\n<meta property=\"article:modified_time\" content=\"2025-10-27T10:39:30+00:00\" \/>\n<meta name=\"twitter:card\" content=\"summary_large_image\" \/>\n<script type=\"application\/ld+json\" class=\"yoast-schema-graph\">{\"@context\":\"https:\/\/schema.org\",\"@graph\":[{\"@type\":\"WebPage\",\"@id\":\"https:\/\/3eme-ere.fr\/index.php\/mentions-legales\/\",\"url\":\"https:\/\/3eme-ere.fr\/index.php\/mentions-legales\/\",\"name\":\"Mentions l\u00e9gales - Troisi\u00e8me \u00c8re\",\"isPartOf\":{\"@id\":\"https:\/\/3eme-ere.fr\/#website\"},\"datePublished\":\"2025-10-27T08:22:55+00:00\",\"dateModified\":\"2025-10-27T10:39:30+00:00\",\"breadcrumb\":{\"@id\":\"https:\/\/3eme-ere.fr\/index.php\/mentions-legales\/#breadcrumb\"},\"inLanguage\":\"fr-FR\",\"potentialAction\":[{\"@type\":\"ReadAction\",\"target\":[\"https:\/\/3eme-ere.fr\/index.php\/mentions-legales\/\"]}]},{\"@type\":\"BreadcrumbList\",\"@id\":\"https:\/\/3eme-ere.fr\/index.php\/mentions-legales\/#breadcrumb\",\"itemListElement\":[{\"@type\":\"ListItem\",\"position\":1,\"name\":\"Home\",\"item\":\"https:\/\/3eme-ere.fr\/\"},{\"@type\":\"ListItem\",\"position\":2,\"name\":\"Mentions l\u00e9gales\"}]},{\"@type\":\"WebSite\",\"@id\":\"https:\/\/3eme-ere.fr\/#website\",\"url\":\"https:\/\/3eme-ere.fr\/\",\"name\":\"Troisi\u00e8me \u00c8re\",\"description\":\"Just another WordPress site\",\"publisher\":{\"@id\":\"https:\/\/3eme-ere.fr\/#organization\"},\"potentialAction\":[{\"@type\":\"SearchAction\",\"target\":{\"@type\":\"EntryPoint\",\"urlTemplate\":\"https:\/\/3eme-ere.fr\/?s={search_term_string}\"},\"query-input\":{\"@type\":\"PropertyValueSpecification\",\"valueRequired\":true,\"valueName\":\"search_term_string\"}}],\"inLanguage\":\"fr-FR\"},{\"@type\":\"Organization\",\"@id\":\"https:\/\/3eme-ere.fr\/#organization\",\"name\":\"3eme Ere\",\"url\":\"https:\/\/3eme-ere.fr\/\",\"logo\":{\"@type\":\"ImageObject\",\"inLanguage\":\"fr-FR\",\"@id\":\"https:\/\/3eme-ere.fr\/#\/schema\/logo\/image\/\",\"url\":\"https:\/\/3eme-ere.fr\/wp-content\/uploads\/2020\/11\/logo-3ere.png\",\"contentUrl\":\"https:\/\/3eme-ere.fr\/wp-content\/uploads\/2020\/11\/logo-3ere.png\",\"width\":204,\"height\":132,\"caption\":\"3eme Ere\"},\"image\":{\"@id\":\"https:\/\/3eme-ere.fr\/#\/schema\/logo\/image\/\"},\"sameAs\":[\"https:\/\/www.facebook.com\/camille.frey.963\",\"https:\/\/www.instagram.com\/troisieme_ere\/\"]}]}<\/script>\n<!-- \/ Yoast SEO plugin. -->","yoast_head_json":{"title":"Mentions l\u00e9gales - Troisi\u00e8me \u00c8re","robots":{"index":"index","follow":"follow","max-snippet":"max-snippet:-1","max-image-preview":"max-image-preview:large","max-video-preview":"max-video-preview:-1"},"canonical":"https:\/\/3eme-ere.fr\/index.php\/mentions-legales\/","og_locale":"fr_FR","og_type":"article","og_title":"Mentions l\u00e9gales - Troisi\u00e8me \u00c8re","og_description":"...","og_url":"https:\/\/3eme-ere.fr\/index.php\/mentions-legales\/","og_site_name":"Troisi\u00e8me \u00c8re","article_publisher":"https:\/\/www.facebook.com\/camille.frey.963","article_modified_time":"2025-10-27T10:39:30+00:00","twitter_card":"summary_large_image","schema":{"@context":"https:\/\/schema.org","@graph":[{"@type":"WebPage","@id":"https:\/\/3eme-ere.fr\/index.php\/mentions-legales\/","url":"https:\/\/3eme-ere.fr\/index.php\/mentions-legales\/","name":"Mentions l\u00e9gales - Troisi\u00e8me \u00c8re","isPartOf":{"@id":"https:\/\/3eme-ere.fr\/#website"},"datePublished":"2025-10-27T08:22:55+00:00","dateModified":"2025-10-27T10:39:30+00:00","breadcrumb":{"@id":"https:\/\/3eme-ere.fr\/index.php\/mentions-legales\/#breadcrumb"},"inLanguage":"fr-FR","potentialAction":[{"@type":"ReadAction","target":["https:\/\/3eme-ere.fr\/index.php\/mentions-legales\/"]}]},{"@type":"BreadcrumbList","@id":"https:\/\/3eme-ere.fr\/index.php\/mentions-legales\/#breadcrumb","itemListElement":[{"@type":"ListItem","position":1,"name":"Home","item":"https:\/\/3eme-ere.fr\/"},{"@type":"ListItem","position":2,"name":"Mentions l\u00e9gales"}]},{"@type":"WebSite","@id":"https:\/\/3eme-ere.fr\/#website","url":"https:\/\/3eme-ere.fr\/","name":"Troisi\u00e8me \u00c8re","description":"Just another WordPress site","publisher":{"@id":"https:\/\/3eme-ere.fr\/#organization"},"potentialAction":[{"@type":"SearchAction","target":{"@type":"EntryPoint","urlTemplate":"https:\/\/3eme-ere.fr\/?s={search_term_string}"},"query-input":{"@type":"PropertyValueSpecification","valueRequired":true,"valueName":"search_term_string"}}],"inLanguage":"fr-FR"},{"@type":"Organization","@id":"https:\/\/3eme-ere.fr\/#organization","name":"3eme Ere","url":"https:\/\/3eme-ere.fr\/","logo":{"@type":"ImageObject","inLanguage":"fr-FR","@id":"https:\/\/3eme-ere.fr\/#\/schema\/logo\/image\/","url":"https:\/\/3eme-ere.fr\/wp-content\/uploads\/2020\/11\/logo-3ere.png","contentUrl":"https:\/\/3eme-ere.fr\/wp-content\/uploads\/2020\/11\/logo-3ere.png","width":204,"height":132,"caption":"3eme Ere"},"image":{"@id":"https:\/\/3eme-ere.fr\/#\/schema\/logo\/image\/"},"sameAs":["https:\/\/www.facebook.com\/camille.frey.963","https:\/\/www.instagram.com\/troisieme_ere\/"]}]}},"_links":{"self":[{"href":"https:\/\/3eme-ere.fr\/index.php\/wp-json\/wp\/v2\/pages\/5434","targetHints":{"allow":["GET"]}}],"collection":[{"href":"https:\/\/3eme-ere.fr\/index.php\/wp-json\/wp\/v2\/pages"}],"about":[{"href":"https:\/\/3eme-ere.fr\/index.php\/wp-json\/wp\/v2\/types\/page"}],"author":[{"embeddable":true,"href":"https:\/\/3eme-ere.fr\/index.php\/wp-json\/wp\/v2\/users\/1"}],"replies":[{"embeddable":true,"href":"https:\/\/3eme-ere.fr\/index.php\/wp-json\/wp\/v2\/comments?post=5434"}],"version-history":[{"count":9,"href":"https:\/\/3eme-ere.fr\/index.php\/wp-json\/wp\/v2\/pages\/5434\/revisions"}],"predecessor-version":[{"id":5449,"href":"https:\/\/3eme-ere.fr\/index.php\/wp-json\/wp\/v2\/pages\/5434\/revisions\/5449"}],"wp:attachment":[{"href":"https:\/\/3eme-ere.fr\/index.php\/wp-json\/wp\/v2\/media?parent=5434"}],"curies":[{"name":"wp","href":"https:\/\/api.w.org\/{rel}","templated":true}]}}