{"id":5450,"date":"2025-10-27T10:39:49","date_gmt":"2025-10-27T10:39:49","guid":{"rendered":"https:\/\/3eme-ere.fr\/?page_id=5450"},"modified":"2025-10-27T10:42:11","modified_gmt":"2025-10-27T10:42:11","slug":"cgv","status":"publish","type":"page","link":"https:\/\/3eme-ere.fr\/index.php\/cgv\/","title":{"rendered":"CGV"},"content":{"rendered":"<div  class=\"tatsu-ByZJWhah0xe tatsu-section  tatsu-bg-overlay   tatsu-clearfix\" data-title=\"\"  data-headerscheme=\"background--dark\"><div class='tatsu-section-pad clearfix' data-padding='{\"d\":\"90px 0px 90px 0px\"}' data-padding-top='90px'><div class=\"tatsu-row-wrap  tatsu-wrap tatsu-row-one-col tatsu-row-has-one-cols tatsu-medium-gutter tatsu-reg-cols  tatsu-clearfix tatsu-SJgVG2630xg\" ><div  class=\"tatsu-row \" ><div  class=\"tatsu-column  tatsu-bg-overlay tatsu-one-col tatsu-column-image-none tatsu-column-effect-none  tatsu-Sy4fhan0eg\"  data-parallax-speed=\"0\" style=\"\"><div class=\"tatsu-column-inner \" ><div class=\"tatsu-column-pad-wrap\"><div class=\"tatsu-column-pad\" ><div  class=\"tatsu-module tatsu-inline-text clearfix tatsu-HJDG26hCle   \" ><style>.tatsu-HJDG26hCle .tatsu-inline-text-inner{width: 100%;text-align: left;}@media only screen and (max-width: 767px) {.tatsu-HJDG26hCle .tatsu-inline-text-inner{width: 100%;}}<\/style><div class=\"tatsu-inline-text-inner tatsu-align-center\">\n<h1>Conditions G&eacute;n&eacute;rales de Vente<\/h1>\n<\/div><\/div><\/div><\/div><div class = \"tatsu-column-bg-image-wrap\"><div class = \"tatsu-column-bg-image tatsu-bg-lazyload\" data-src = \"\"><\/div><\/div><div class=\"tatsu-overlay tatsu-column-overlay tatsu-animate-none\" ><\/div><\/div><style>.tatsu-row > .tatsu-Sy4fhan0eg.tatsu-column{width: 100%;}.tatsu-Sy4fhan0eg.tatsu-column > .tatsu-column-inner > .tatsu-column-overlay{mix-blend-mode: normal;}.tatsu-Sy4fhan0eg > .tatsu-column-inner > .tatsu-top-divider{z-index: 9999;}.tatsu-Sy4fhan0eg > .tatsu-column-inner > .tatsu-bottom-divider{z-index: 9999;}.tatsu-Sy4fhan0eg > .tatsu-column-inner > .tatsu-left-divider{z-index: 9999;}.tatsu-Sy4fhan0eg > .tatsu-column-inner > .tatsu-right-divider{z-index: 9999;}@media only screen and (max-width:1377px) {.tatsu-row > .tatsu-Sy4fhan0eg.tatsu-column{width: 100%;}}@media only screen and (min-width:768px) and (max-width: 1024px) {.tatsu-row > .tatsu-Sy4fhan0eg.tatsu-column{width: 100%;}}@media only screen and (max-width: 767px) {.tatsu-row > .tatsu-Sy4fhan0eg.tatsu-column{width: 100%;}}<\/style><\/div><\/div><\/div><div class=\"tatsu-row-wrap  tatsu-wrap tatsu-row-one-col tatsu-row-has-one-cols tatsu-medium-gutter tatsu-reg-cols  tatsu-clearfix tatsu-HJxy-263Cel\" ><div  class=\"tatsu-row \" ><div  class=\"tatsu-column  tatsu-bg-overlay tatsu-one-col tatsu-column-image-none tatsu-column-effect-none  tatsu-SkJZ36hCeg\"  data-parallax-speed=\"0\" style=\"\"><div class=\"tatsu-column-inner \" ><div class=\"tatsu-column-pad-wrap\"><div class=\"tatsu-column-pad\" ><div  class=\"tatsu-module tatsu-text-block-wrap tatsu-BkQWn6nAel  \"><div class=\"tatsu-text-inner tatsu-align-center  clearfix\" ><style>.tatsu-BkQWn6nAel.tatsu-text-block-wrap .tatsu-text-inner{width: 100%;text-align: left;}<\/style>\n<p><span style=\"color: #000000;\"><b>Objet<\/b><\/span><\/p>\n<p><span style=\"font-weight: 400; color: #000000;\">Les pr\u00e9sentes Conditions G\u00e9n\u00e9rales de Vente (CGV) ont pour objet de d\u00e9finir les droits et obligations du salon de coiffure \u00ab\u00a03\u00e8me \u00e8re\u00a0\u00bb et de ses clients dans le cadre de la r\u00e9servation et de la r\u00e9alisation des prestations de coiffure.<\/span><\/p>\n<p><span style=\"color: #000000;\"><b>Prise de rendez-vous et Paiement<\/b><\/span><\/p>\n<p><span style=\"color: #000000;\"><span style=\"font-weight: 400;\">Les clients peuvent r\u00e9server leurs prestations directement via le site de r\u00e9servation en ligne PLANITY, \u00e0 l\u2019adresse suivante\u00a0: <\/span><a style=\"color: #000000;\" href=\"https:\/\/www.planity.com\/3eme-ere-troisieme-ere-68100-mulhouse\"><span style=\"font-weight: 400;\">https:\/\/www.planity.com\/3eme-ere-troisieme-ere-68100-mulhouse<\/span><\/a><span style=\"font-weight: 400;\">, ou par t\u00e9l\u00e9phone au 03 89 46 44 16. Lors de la r\u00e9servation, il est possible de r\u00e9gler l\u2019int\u00e9gralit\u00e9 de la prestation par carte bancaire.<\/span><\/span><\/p>\n<p><span style=\"color: #000000;\"><b>Politique d\u2019annulation et de retard<\/b><\/span><\/p>\n<p><span style=\"color: #000000;\"><span style=\"font-weight: 400;\">Il est demand\u00e9 \u00e0 notre client\u00e8le de bien vouloir annuler sa prestation au moins 48 heures \u00e0 l\u2019avance. En cas de premi\u00e8re annulation moins de 48 heures avant le rendez-vous, une note sera apport\u00e9e \u00e0 votre fiche client. Si un nouveau rendez-vous est pris, il vous sera alors demand\u00e9 de verser un acompte de 30 % du montant de la prestation.<\/span><span style=\"font-weight: 400;\"><br \/><\/span><span style=\"font-weight: 400;\">Si le client ne se pr\u00e9sente pas au rendez-vous ou annule sur place en refusant de poursuivre la prestation, la r\u00e9servation sera consid\u00e9r\u00e9e comme annul\u00e9e tardivement, et l\u2019acompte restera acquis par le salon. Les retards sup\u00e9rieurs \u00e0 15 minutes peuvent entra\u00eener une annulation du rendez-vous et l\u2019acompte sera alors conserv\u00e9 par le salon.<\/span><\/span><\/p>\n<p><span style=\"color: #000000;\"><b>Tarification et r\u00e8glement<\/b><\/span><\/p>\n<p><span style=\"font-weight: 400; color: #000000;\">Les prix des prestations sont affich\u00e9s sur notre site de r\u00e9servation en ligne et en salon. Ils sont variables le jour de la prestation, selon les doses n\u00e9cessaires pour la technique de coloration\/ d\u00e9coloration ou longueurs des cheveux. Le montant de la prestation est \u00e0 r\u00e9gler comptant, par carte bancaire, ch\u00e8que ou esp\u00e8ces.<\/span><\/p>\n<p><span style=\"color: #000000;\"><b>Responsabilit\u00e9s<\/b><\/span><\/p>\n<p><span style=\"font-weight: 400; color: #000000;\">Le salon s\u2019engage \u00e0 fournir des prestations conformes aux r\u00e8gles de l\u2019art et aux standards de qualit\u00e9 en vigueur. Toutefois, le salon ne pourra \u00eatre tenu responsable des r\u00e9sultats non conformes aux attentes subjectives du client. Chaque r\u00e9sultat varie en fonction de chaque cheveu et de votre pass\u00e9 capillaire. Le salon ne peut reproduire \u00e0 l\u2019identique une photo prise sur internet ou g\u00e9n\u00e9r\u00e9e par l\u2019IA ; mais il s\u2019engage \u00e0 faire du mieux possible pour s\u2019en rapprocher.<\/span><\/p>\n<p><span style=\"color: #000000;\"><b>Donn\u00e9es personnelles<\/b><\/span><\/p>\n<p><span style=\"font-weight: 400; color: #000000;\">Les informations collect\u00e9es lors de la r\u00e9servation sont destin\u00e9es \u00e0 la gestion des rendez-vous et ne seront en aucun cas c\u00e9d\u00e9es \u00e0 des tiers sans le consentement du client.<\/span><\/p>\n<p><span style=\"color: #000000;\"><b>Litiges et droit applicable<\/b><\/span><\/p>\n<p><span style=\"font-weight: 400; color: #000000;\">Les pr\u00e9sentes CGV sont r\u00e9gies par le droit fran\u00e7ais. En cas de litige, une solution amiable sera recherch\u00e9e en priorit\u00e9. \u00c0 d\u00e9faut d\u2019accord, le litige sera soumis aux tribunaux comp\u00e9tents.<\/span><\/p>\n<p><span style=\"color: #000000;\"><b>Acceptation des CGV<\/b><\/span><\/p>\n<p><span style=\"font-weight: 400; color: #000000;\">La r\u00e9servation d\u2019un rendez-vous implique l\u2019adh\u00e9sion pleine et enti\u00e8re aux pr\u00e9sentes conditions g\u00e9n\u00e9rales de vente sans r\u00e9serve ni restriction.<\/span><\/p>\n<\/div><\/div><\/div><\/div><div class = \"tatsu-column-bg-image-wrap\"><div class = \"tatsu-column-bg-image tatsu-bg-lazyload\" data-src = \"\"><\/div><\/div><div class=\"tatsu-overlay tatsu-column-overlay tatsu-animate-none\" ><\/div><\/div><style>.tatsu-row > .tatsu-SkJZ36hCeg.tatsu-column{width: 100%;}.tatsu-SkJZ36hCeg.tatsu-column > .tatsu-column-inner > .tatsu-column-overlay{mix-blend-mode: normal;}.tatsu-SkJZ36hCeg > .tatsu-column-inner > .tatsu-top-divider{z-index: 9999;}.tatsu-SkJZ36hCeg > .tatsu-column-inner > .tatsu-bottom-divider{z-index: 9999;}.tatsu-SkJZ36hCeg > .tatsu-column-inner > .tatsu-left-divider{z-index: 9999;}.tatsu-SkJZ36hCeg > .tatsu-column-inner > .tatsu-right-divider{z-index: 9999;}@media only screen and (max-width:1377px) {.tatsu-row > .tatsu-SkJZ36hCeg.tatsu-column{width: 100%;}}@media only screen and (min-width:768px) and (max-width: 1024px) {.tatsu-row > .tatsu-SkJZ36hCeg.tatsu-column{width: 100%;}}@media only screen and (max-width: 767px) {.tatsu-row > .tatsu-SkJZ36hCeg.tatsu-column{width: 100%;}}<\/style><\/div><\/div><\/div><\/div><div class=\"tatsu-section-background-wrap\"><div class = \"tatsu-section-background tatsu-bg-lazyload\" data-src = \"\"><\/div><\/div><div class=\"tatsu-overlay tatsu-section-overlay\"><\/div><style>.tatsu-ByZJWhah0xe .tatsu-section-pad{padding: 90px 0px 90px 0px;}.tatsu-ByZJWhah0xe .tatsu-section-offset-wrap{transform: translateY(-0px);}.tatsu-ByZJWhah0xe > .tatsu-bottom-divider{z-index: 9999;}.tatsu-ByZJWhah0xe > .tatsu-top-divider{z-index: 9999;}.tatsu-ByZJWhah0xe .tatsu-section-overlay{mix-blend-mode: normal;}<\/style><\/div>\n","protected":false},"excerpt":{"rendered":"<p><a href=\"https:\/\/3eme-ere.fr\/index.php\/cgv\/\" class=\"exp-read-more exp-read-more-dots\">&#8230;<\/a><\/p>\n","protected":false},"author":1,"featured_media":0,"parent":0,"menu_order":0,"comment_status":"closed","ping_status":"closed","template":"","meta":{"footnotes":""},"class_list":["post-5450","page","type-page","status-publish","hentry"],"yoast_head":"<!-- This site is optimized with the Yoast SEO plugin v27.1.1 - https:\/\/yoast.com\/product\/yoast-seo-wordpress\/ -->\n<title>CGV - Troisi\u00e8me \u00c8re<\/title>\n<meta name=\"robots\" content=\"index, follow, max-snippet:-1, max-image-preview:large, max-video-preview:-1\" \/>\n<link rel=\"canonical\" href=\"https:\/\/3eme-ere.fr\/index.php\/cgv\/\" \/>\n<meta property=\"og:locale\" content=\"fr_FR\" \/>\n<meta property=\"og:type\" content=\"article\" \/>\n<meta property=\"og:title\" content=\"CGV - Troisi\u00e8me \u00c8re\" \/>\n<meta property=\"og:description\" content=\"...\" \/>\n<meta property=\"og:url\" content=\"https:\/\/3eme-ere.fr\/index.php\/cgv\/\" \/>\n<meta property=\"og:site_name\" content=\"Troisi\u00e8me \u00c8re\" \/>\n<meta property=\"article:publisher\" content=\"https:\/\/www.facebook.com\/camille.frey.963\" \/>\n<meta property=\"article:modified_time\" content=\"2025-10-27T10:42:11+00:00\" \/>\n<meta name=\"twitter:card\" content=\"summary_large_image\" \/>\n<script type=\"application\/ld+json\" class=\"yoast-schema-graph\">{\"@context\":\"https:\/\/schema.org\",\"@graph\":[{\"@type\":\"WebPage\",\"@id\":\"https:\/\/3eme-ere.fr\/index.php\/cgv\/\",\"url\":\"https:\/\/3eme-ere.fr\/index.php\/cgv\/\",\"name\":\"CGV - Troisi\u00e8me \u00c8re\",\"isPartOf\":{\"@id\":\"https:\/\/3eme-ere.fr\/#website\"},\"datePublished\":\"2025-10-27T10:39:49+00:00\",\"dateModified\":\"2025-10-27T10:42:11+00:00\",\"breadcrumb\":{\"@id\":\"https:\/\/3eme-ere.fr\/index.php\/cgv\/#breadcrumb\"},\"inLanguage\":\"fr-FR\",\"potentialAction\":[{\"@type\":\"ReadAction\",\"target\":[\"https:\/\/3eme-ere.fr\/index.php\/cgv\/\"]}]},{\"@type\":\"BreadcrumbList\",\"@id\":\"https:\/\/3eme-ere.fr\/index.php\/cgv\/#breadcrumb\",\"itemListElement\":[{\"@type\":\"ListItem\",\"position\":1,\"name\":\"Home\",\"item\":\"https:\/\/3eme-ere.fr\/\"},{\"@type\":\"ListItem\",\"position\":2,\"name\":\"CGV\"}]},{\"@type\":\"WebSite\",\"@id\":\"https:\/\/3eme-ere.fr\/#website\",\"url\":\"https:\/\/3eme-ere.fr\/\",\"name\":\"Troisi\u00e8me \u00c8re\",\"description\":\"Just another WordPress site\",\"publisher\":{\"@id\":\"https:\/\/3eme-ere.fr\/#organization\"},\"potentialAction\":[{\"@type\":\"SearchAction\",\"target\":{\"@type\":\"EntryPoint\",\"urlTemplate\":\"https:\/\/3eme-ere.fr\/?s={search_term_string}\"},\"query-input\":{\"@type\":\"PropertyValueSpecification\",\"valueRequired\":true,\"valueName\":\"search_term_string\"}}],\"inLanguage\":\"fr-FR\"},{\"@type\":\"Organization\",\"@id\":\"https:\/\/3eme-ere.fr\/#organization\",\"name\":\"3eme Ere\",\"url\":\"https:\/\/3eme-ere.fr\/\",\"logo\":{\"@type\":\"ImageObject\",\"inLanguage\":\"fr-FR\",\"@id\":\"https:\/\/3eme-ere.fr\/#\/schema\/logo\/image\/\",\"url\":\"https:\/\/3eme-ere.fr\/wp-content\/uploads\/2020\/11\/logo-3ere.png\",\"contentUrl\":\"https:\/\/3eme-ere.fr\/wp-content\/uploads\/2020\/11\/logo-3ere.png\",\"width\":204,\"height\":132,\"caption\":\"3eme Ere\"},\"image\":{\"@id\":\"https:\/\/3eme-ere.fr\/#\/schema\/logo\/image\/\"},\"sameAs\":[\"https:\/\/www.facebook.com\/camille.frey.963\",\"https:\/\/www.instagram.com\/troisieme_ere\/\"]}]}<\/script>\n<!-- \/ Yoast SEO plugin. -->","yoast_head_json":{"title":"CGV - Troisi\u00e8me \u00c8re","robots":{"index":"index","follow":"follow","max-snippet":"max-snippet:-1","max-image-preview":"max-image-preview:large","max-video-preview":"max-video-preview:-1"},"canonical":"https:\/\/3eme-ere.fr\/index.php\/cgv\/","og_locale":"fr_FR","og_type":"article","og_title":"CGV - Troisi\u00e8me \u00c8re","og_description":"...","og_url":"https:\/\/3eme-ere.fr\/index.php\/cgv\/","og_site_name":"Troisi\u00e8me \u00c8re","article_publisher":"https:\/\/www.facebook.com\/camille.frey.963","article_modified_time":"2025-10-27T10:42:11+00:00","twitter_card":"summary_large_image","schema":{"@context":"https:\/\/schema.org","@graph":[{"@type":"WebPage","@id":"https:\/\/3eme-ere.fr\/index.php\/cgv\/","url":"https:\/\/3eme-ere.fr\/index.php\/cgv\/","name":"CGV - Troisi\u00e8me \u00c8re","isPartOf":{"@id":"https:\/\/3eme-ere.fr\/#website"},"datePublished":"2025-10-27T10:39:49+00:00","dateModified":"2025-10-27T10:42:11+00:00","breadcrumb":{"@id":"https:\/\/3eme-ere.fr\/index.php\/cgv\/#breadcrumb"},"inLanguage":"fr-FR","potentialAction":[{"@type":"ReadAction","target":["https:\/\/3eme-ere.fr\/index.php\/cgv\/"]}]},{"@type":"BreadcrumbList","@id":"https:\/\/3eme-ere.fr\/index.php\/cgv\/#breadcrumb","itemListElement":[{"@type":"ListItem","position":1,"name":"Home","item":"https:\/\/3eme-ere.fr\/"},{"@type":"ListItem","position":2,"name":"CGV"}]},{"@type":"WebSite","@id":"https:\/\/3eme-ere.fr\/#website","url":"https:\/\/3eme-ere.fr\/","name":"Troisi\u00e8me \u00c8re","description":"Just another WordPress site","publisher":{"@id":"https:\/\/3eme-ere.fr\/#organization"},"potentialAction":[{"@type":"SearchAction","target":{"@type":"EntryPoint","urlTemplate":"https:\/\/3eme-ere.fr\/?s={search_term_string}"},"query-input":{"@type":"PropertyValueSpecification","valueRequired":true,"valueName":"search_term_string"}}],"inLanguage":"fr-FR"},{"@type":"Organization","@id":"https:\/\/3eme-ere.fr\/#organization","name":"3eme Ere","url":"https:\/\/3eme-ere.fr\/","logo":{"@type":"ImageObject","inLanguage":"fr-FR","@id":"https:\/\/3eme-ere.fr\/#\/schema\/logo\/image\/","url":"https:\/\/3eme-ere.fr\/wp-content\/uploads\/2020\/11\/logo-3ere.png","contentUrl":"https:\/\/3eme-ere.fr\/wp-content\/uploads\/2020\/11\/logo-3ere.png","width":204,"height":132,"caption":"3eme Ere"},"image":{"@id":"https:\/\/3eme-ere.fr\/#\/schema\/logo\/image\/"},"sameAs":["https:\/\/www.facebook.com\/camille.frey.963","https:\/\/www.instagram.com\/troisieme_ere\/"]}]}},"_links":{"self":[{"href":"https:\/\/3eme-ere.fr\/index.php\/wp-json\/wp\/v2\/pages\/5450","targetHints":{"allow":["GET"]}}],"collection":[{"href":"https:\/\/3eme-ere.fr\/index.php\/wp-json\/wp\/v2\/pages"}],"about":[{"href":"https:\/\/3eme-ere.fr\/index.php\/wp-json\/wp\/v2\/types\/page"}],"author":[{"embeddable":true,"href":"https:\/\/3eme-ere.fr\/index.php\/wp-json\/wp\/v2\/users\/1"}],"replies":[{"embeddable":true,"href":"https:\/\/3eme-ere.fr\/index.php\/wp-json\/wp\/v2\/comments?post=5450"}],"version-history":[{"count":2,"href":"https:\/\/3eme-ere.fr\/index.php\/wp-json\/wp\/v2\/pages\/5450\/revisions"}],"predecessor-version":[{"id":5452,"href":"https:\/\/3eme-ere.fr\/index.php\/wp-json\/wp\/v2\/pages\/5450\/revisions\/5452"}],"wp:attachment":[{"href":"https:\/\/3eme-ere.fr\/index.php\/wp-json\/wp\/v2\/media?parent=5450"}],"curies":[{"name":"wp","href":"https:\/\/api.w.org\/{rel}","templated":true}]}}